{"id":1111,"date":"2026-01-13T02:02:54","date_gmt":"2026-01-13T02:02:54","guid":{"rendered":"https:\/\/www.spd-hd.com\/?post_type=product&#038;p=1111"},"modified":"2026-01-23T13:39:56","modified_gmt":"2026-01-23T13:39:56","slug":"spary-painting-decorative-tray-23fa3043-s02","status":"publish","type":"product","link":"https:\/\/www.spd-hd.com\/pt\/product\/spary-painting-decorative-tray-23fa3043-s02\/","title":{"rendered":"Tabuleiro decorativo retangular preto com pintura esparsa 23FA3043-S02 Fabricante"},"content":{"rendered":"","protected":false},"excerpt":{"rendered":"<table>\n<tbody>\n<tr>\n<td width=\"284\">Item No.<\/td>\n<td width=\"284\">23FA3043-S02<\/td>\n<\/tr>\n<tr>\n<td width=\"284\">Cor<\/td>\n<td width=\"284\">Preto<\/td>\n<\/tr>\n<tr>\n<td width=\"284\">Estilo<\/td>\n<td width=\"284\">Moderno, Cl\u00e1ssico<\/td>\n<\/tr>\n<tr>\n<td width=\"284\">Ocasi\u00e3o\/Utiliza\u00e7\u00e3o<\/td>\n<td width=\"284\">Di\u00e1rio, Feriado, Festa<\/td>\n<\/tr>\n<tr>\n<td width=\"284\">Forma<\/td>\n<td width=\"284\">Forma retangular<\/td>\n<\/tr>\n<tr>\n<td width=\"284\">Carater\u00edstica<\/td>\n<td width=\"284\">Amigo do ambiente<\/td>\n<\/tr>\n<tr>\n<td width=\"284\">Tipo de lou\u00e7a<\/td>\n<td width=\"284\">Pratos e travessas<\/td>\n<\/tr>\n<tr>\n<td width=\"284\">Tipo de padr\u00e3o<\/td>\n<td width=\"284\">Cor s\u00f3lida<\/td>\n<\/tr>\n<tr>\n<td width=\"284\">Tipo de placa<\/td>\n<td width=\"284\">Tabuleiros decorativos<\/td>\n<\/tr>\n<tr>\n<td width=\"284\">T\u00e9cnica<\/td>\n<td width=\"284\">Pintura Spary<\/td>\n<\/tr>\n<\/tbody>\n<\/table>","protected":false},"featured_media":1061,"comment_status":"open","ping_status":"closed","template":"","meta":[],"product_brand":[],"product_cat":[26,28],"product_tag":[],"class_list":{"0":"post-1111","1":"product","2":"type-product","3":"status-publish","4":"has-post-thumbnail","6":"product_cat-decorative-tray","7":"product_cat-spray-paint-items-decorative-tray","9":"first","10":"instock","11":"shipping-taxable","12":"product-type-simple"},"yoast_head":"<!-- This site is optimized with the Yoast SEO plugin v27.1.1 - https:\/\/yoast.com\/product\/yoast-seo-wordpress\/ -->\n<title>Black Rectangle Spary Painting Decorative Tray 23FA3043-S02 Manufacturer - One Stop Manufacturer &amp; Supplier of Household Plastic Products (charger plates, decorative trays)<\/title>\n<meta name=\"robots\" content=\"index, follow, max-snippet:-1, max-image-preview:large, max-video-preview:-1\" \/>\n<link rel=\"canonical\" href=\"https:\/\/www.spd-hd.com\/pt\/product\/spary-painting-decorative-tray-23fa3043-s02\/\" \/>\n<meta property=\"og:locale\" content=\"pt_PT\" \/>\n<meta property=\"og:type\" content=\"article\" \/>\n<meta property=\"og:title\" content=\"Black Rectangle Spary Painting Decorative Tray 23FA3043-S02 Manufacturer - One Stop Manufacturer &amp; Supplier of Household Plastic Products (charger plates, decorative trays)\" \/>\n<meta property=\"og:description\" content=\"Item No. 23FA3043-S02   Color Black   Style Modern, Classic   Occasion\/Usage Daily, Holiday, Party   Shape Rectangle Shape   Feature Eco-Friendly   Dinnerware Type Dishes &amp; Plates   Pattern Type Solid Color   Plate Type Decorative Trays   Technique Spary Painting\" \/>\n<meta property=\"og:url\" content=\"https:\/\/www.spd-hd.com\/pt\/product\/spary-painting-decorative-tray-23fa3043-s02\/\" \/>\n<meta property=\"og:site_name\" content=\"One Stop Manufacturer &amp; Supplier of Household Plastic Products (charger plates, decorative trays)\" \/>\n<meta property=\"article:modified_time\" content=\"2026-01-23T13:39:56+00:00\" \/>\n<meta property=\"og:image\" content=\"https:\/\/www.spd-hd.com\/wp-content\/uploads\/2026\/01\/23FA3043-S02.jpg\" \/>\n\t<meta property=\"og:image:width\" content=\"1600\" \/>\n\t<meta property=\"og:image:height\" content=\"1600\" \/>\n\t<meta property=\"og:image:type\" content=\"image\/jpeg\" \/>\n<meta name=\"twitter:card\" content=\"summary_large_image\" \/>\n<meta name=\"twitter:label1\" content=\"Tempo estimado de leitura\" \/>\n\t<meta name=\"twitter:data1\" content=\"1 minuto\" \/>\n<script type=\"application\/ld+json\" class=\"yoast-schema-graph\">{\"@context\":\"https:\/\/schema.org\",\"@graph\":[{\"@type\":\"WebPage\",\"@id\":\"https:\/\/www.spd-hd.com\/product\/spary-painting-decorative-tray-23fa3043-s02\/\",\"url\":\"https:\/\/www.spd-hd.com\/product\/spary-painting-decorative-tray-23fa3043-s02\/\",\"name\":\"Black Rectangle Spary Painting Decorative Tray 23FA3043-S02 Manufacturer - One Stop Manufacturer &amp; Supplier of Household Plastic Products (charger plates, decorative trays)\",\"isPartOf\":{\"@id\":\"https:\/\/www.spd-hd.com\/#website\"},\"primaryImageOfPage\":{\"@id\":\"https:\/\/www.spd-hd.com\/product\/spary-painting-decorative-tray-23fa3043-s02\/#primaryimage\"},\"image\":{\"@id\":\"https:\/\/www.spd-hd.com\/product\/spary-painting-decorative-tray-23fa3043-s02\/#primaryimage\"},\"thumbnailUrl\":\"https:\/\/www.spd-hd.com\/wp-content\/uploads\/2026\/01\/23FA3043-S02.jpg\",\"datePublished\":\"2026-01-13T02:02:54+00:00\",\"dateModified\":\"2026-01-23T13:39:56+00:00\",\"breadcrumb\":{\"@id\":\"https:\/\/www.spd-hd.com\/product\/spary-painting-decorative-tray-23fa3043-s02\/#breadcrumb\"},\"inLanguage\":\"pt-PT\",\"potentialAction\":[{\"@type\":\"ReadAction\",\"target\":[\"https:\/\/www.spd-hd.com\/product\/spary-painting-decorative-tray-23fa3043-s02\/\"]}]},{\"@type\":\"ImageObject\",\"inLanguage\":\"pt-PT\",\"@id\":\"https:\/\/www.spd-hd.com\/product\/spary-painting-decorative-tray-23fa3043-s02\/#primaryimage\",\"url\":\"https:\/\/www.spd-hd.com\/wp-content\/uploads\/2026\/01\/23FA3043-S02.jpg\",\"contentUrl\":\"https:\/\/www.spd-hd.com\/wp-content\/uploads\/2026\/01\/23FA3043-S02.jpg\",\"width\":1600,\"height\":1600,\"caption\":\"23fa3043 S02\"},{\"@type\":\"BreadcrumbList\",\"@id\":\"https:\/\/www.spd-hd.com\/product\/spary-painting-decorative-tray-23fa3043-s02\/#breadcrumb\",\"itemListElement\":[{\"@type\":\"ListItem\",\"position\":1,\"name\":\"Home\",\"item\":\"https:\/\/www.spd-hd.com\/\"},{\"@type\":\"ListItem\",\"position\":2,\"name\":\"Shop\",\"item\":\"https:\/\/www.spd-hd.com\/shop\/\"},{\"@type\":\"ListItem\",\"position\":3,\"name\":\"Black Rectangle Spary Painting Decorative Tray 23FA3043-S02 Manufacturer\"}]},{\"@type\":\"WebSite\",\"@id\":\"https:\/\/www.spd-hd.com\/#website\",\"url\":\"https:\/\/www.spd-hd.com\/\",\"name\":\"One Stop Manufacturer &amp; Supplier of Household Plastic Products (charger plates, decorative trays)\",\"description\":\"\",\"publisher\":{\"@id\":\"https:\/\/www.spd-hd.com\/#organization\"},\"potentialAction\":[{\"@type\":\"SearchAction\",\"target\":{\"@type\":\"EntryPoint\",\"urlTemplate\":\"https:\/\/www.spd-hd.com\/?s={search_term_string}\"},\"query-input\":{\"@type\":\"PropertyValueSpecification\",\"valueRequired\":true,\"valueName\":\"search_term_string\"}}],\"inLanguage\":\"pt-PT\"},{\"@type\":\"Organization\",\"@id\":\"https:\/\/www.spd-hd.com\/#organization\",\"name\":\"One Stop Manufacturer &amp; Supplier of Household Plastic Products (charger plates, decorative trays)\",\"url\":\"https:\/\/www.spd-hd.com\/\",\"logo\":{\"@type\":\"ImageObject\",\"inLanguage\":\"pt-PT\",\"@id\":\"https:\/\/www.spd-hd.com\/#\/schema\/logo\/image\/\",\"url\":\"https:\/\/www.spd-hd.com\/wp-content\/uploads\/2025\/12\/Logo-Horizontal.png\",\"contentUrl\":\"https:\/\/www.spd-hd.com\/wp-content\/uploads\/2025\/12\/Logo-Horizontal.png\",\"width\":500,\"height\":200,\"caption\":\"One Stop Manufacturer &amp; Supplier of Household Plastic Products (charger plates, decorative trays)\"},\"image\":{\"@id\":\"https:\/\/www.spd-hd.com\/#\/schema\/logo\/image\/\"}}]}<\/script>\n<!-- \/ Yoast SEO plugin. -->","yoast_head_json":{"title":"Black Rectangle Spary Painting Decorative Tray 23FA3043-S02 Manufacturer - One Stop Manufacturer &amp; Supplier of Household Plastic Products (charger plates, decorative trays)","robots":{"index":"index","follow":"follow","max-snippet":"max-snippet:-1","max-image-preview":"max-image-preview:large","max-video-preview":"max-video-preview:-1"},"canonical":"https:\/\/www.spd-hd.com\/pt\/product\/spary-painting-decorative-tray-23fa3043-s02\/","og_locale":"pt_PT","og_type":"article","og_title":"Black Rectangle Spary Painting Decorative Tray 23FA3043-S02 Manufacturer - One Stop Manufacturer &amp; Supplier of Household Plastic Products (charger plates, decorative trays)","og_description":"Item No. 23FA3043-S02   Color Black   Style Modern, Classic   Occasion\/Usage Daily, Holiday, Party   Shape Rectangle Shape   Feature Eco-Friendly   Dinnerware Type Dishes &amp; Plates   Pattern Type Solid Color   Plate Type Decorative Trays   Technique Spary Painting","og_url":"https:\/\/www.spd-hd.com\/pt\/product\/spary-painting-decorative-tray-23fa3043-s02\/","og_site_name":"One Stop Manufacturer &amp; Supplier of Household Plastic Products (charger plates, decorative trays)","article_modified_time":"2026-01-23T13:39:56+00:00","og_image":[{"width":1600,"height":1600,"url":"https:\/\/www.spd-hd.com\/wp-content\/uploads\/2026\/01\/23FA3043-S02.jpg","type":"image\/jpeg"}],"twitter_card":"summary_large_image","twitter_misc":{"Tempo estimado de leitura":"1 minuto"},"schema":{"@context":"https:\/\/schema.org","@graph":[{"@type":"WebPage","@id":"https:\/\/www.spd-hd.com\/product\/spary-painting-decorative-tray-23fa3043-s02\/","url":"https:\/\/www.spd-hd.com\/product\/spary-painting-decorative-tray-23fa3043-s02\/","name":"Black Rectangle Spary Painting Decorative Tray 23FA3043-S02 Manufacturer - One Stop Manufacturer &amp; Supplier of Household Plastic Products (charger plates, decorative trays)","isPartOf":{"@id":"https:\/\/www.spd-hd.com\/#website"},"primaryImageOfPage":{"@id":"https:\/\/www.spd-hd.com\/product\/spary-painting-decorative-tray-23fa3043-s02\/#primaryimage"},"image":{"@id":"https:\/\/www.spd-hd.com\/product\/spary-painting-decorative-tray-23fa3043-s02\/#primaryimage"},"thumbnailUrl":"https:\/\/www.spd-hd.com\/wp-content\/uploads\/2026\/01\/23FA3043-S02.jpg","datePublished":"2026-01-13T02:02:54+00:00","dateModified":"2026-01-23T13:39:56+00:00","breadcrumb":{"@id":"https:\/\/www.spd-hd.com\/product\/spary-painting-decorative-tray-23fa3043-s02\/#breadcrumb"},"inLanguage":"pt-PT","potentialAction":[{"@type":"ReadAction","target":["https:\/\/www.spd-hd.com\/product\/spary-painting-decorative-tray-23fa3043-s02\/"]}]},{"@type":"ImageObject","inLanguage":"pt-PT","@id":"https:\/\/www.spd-hd.com\/product\/spary-painting-decorative-tray-23fa3043-s02\/#primaryimage","url":"https:\/\/www.spd-hd.com\/wp-content\/uploads\/2026\/01\/23FA3043-S02.jpg","contentUrl":"https:\/\/www.spd-hd.com\/wp-content\/uploads\/2026\/01\/23FA3043-S02.jpg","width":1600,"height":1600,"caption":"23fa3043 S02"},{"@type":"BreadcrumbList","@id":"https:\/\/www.spd-hd.com\/product\/spary-painting-decorative-tray-23fa3043-s02\/#breadcrumb","itemListElement":[{"@type":"ListItem","position":1,"name":"Home","item":"https:\/\/www.spd-hd.com\/"},{"@type":"ListItem","position":2,"name":"Shop","item":"https:\/\/www.spd-hd.com\/shop\/"},{"@type":"ListItem","position":3,"name":"Black Rectangle Spary Painting Decorative Tray 23FA3043-S02 Manufacturer"}]},{"@type":"WebSite","@id":"https:\/\/www.spd-hd.com\/#website","url":"https:\/\/www.spd-hd.com\/","name":"Fabricante e fornecedor \u00fanico de produtos de pl\u00e1stico para uso dom\u00e9stico (pratos de carregador, tabuleiros decorativos)","description":"","publisher":{"@id":"https:\/\/www.spd-hd.com\/#organization"},"potentialAction":[{"@type":"SearchAction","target":{"@type":"EntryPoint","urlTemplate":"https:\/\/www.spd-hd.com\/?s={search_term_string}"},"query-input":{"@type":"PropertyValueSpecification","valueRequired":true,"valueName":"search_term_string"}}],"inLanguage":"pt-PT"},{"@type":"Organization","@id":"https:\/\/www.spd-hd.com\/#organization","name":"Fabricante e fornecedor \u00fanico de produtos de pl\u00e1stico para uso dom\u00e9stico (pratos de carregador, tabuleiros decorativos)","url":"https:\/\/www.spd-hd.com\/","logo":{"@type":"ImageObject","inLanguage":"pt-PT","@id":"https:\/\/www.spd-hd.com\/#\/schema\/logo\/image\/","url":"https:\/\/www.spd-hd.com\/wp-content\/uploads\/2025\/12\/Logo-Horizontal.png","contentUrl":"https:\/\/www.spd-hd.com\/wp-content\/uploads\/2025\/12\/Logo-Horizontal.png","width":500,"height":200,"caption":"One Stop Manufacturer &amp; Supplier of Household Plastic Products (charger plates, decorative trays)"},"image":{"@id":"https:\/\/www.spd-hd.com\/#\/schema\/logo\/image\/"}}]}},"_links":{"self":[{"href":"https:\/\/www.spd-hd.com\/pt\/wp-json\/wp\/v2\/product\/1111","targetHints":{"allow":["GET"]}}],"collection":[{"href":"https:\/\/www.spd-hd.com\/pt\/wp-json\/wp\/v2\/product"}],"about":[{"href":"https:\/\/www.spd-hd.com\/pt\/wp-json\/wp\/v2\/types\/product"}],"replies":[{"embeddable":true,"href":"https:\/\/www.spd-hd.com\/pt\/wp-json\/wp\/v2\/comments?post=1111"}],"wp:featuredmedia":[{"embeddable":true,"href":"https:\/\/www.spd-hd.com\/pt\/wp-json\/wp\/v2\/media\/1061"}],"wp:attachment":[{"href":"https:\/\/www.spd-hd.com\/pt\/wp-json\/wp\/v2\/media?parent=1111"}],"wp:term":[{"taxonomy":"product_brand","embeddable":true,"href":"https:\/\/www.spd-hd.com\/pt\/wp-json\/wp\/v2\/product_brand?post=1111"},{"taxonomy":"product_cat","embeddable":true,"href":"https:\/\/www.spd-hd.com\/pt\/wp-json\/wp\/v2\/product_cat?post=1111"},{"taxonomy":"product_tag","embeddable":true,"href":"https:\/\/www.spd-hd.com\/pt\/wp-json\/wp\/v2\/product_tag?post=1111"}],"curies":[{"name":"wp","href":"https:\/\/api.w.org\/{rel}","templated":true}]}}