{"id":1286,"date":"2026-02-03T08:43:20","date_gmt":"2026-02-03T08:43:20","guid":{"rendered":"https:\/\/www.spd-hd.com\/?post_type=product&#038;p=1286"},"modified":"2026-02-03T09:07:33","modified_gmt":"2026-02-03T09:07:33","slug":"golden-christmas-tree-printing-white-round-charger-plate-24fa3000-pm02","status":"publish","type":"product","link":"https:\/\/www.spd-hd.com\/pt\/product\/golden-christmas-tree-printing-white-round-charger-plate-24fa3000-pm02\/","title":{"rendered":"Prato carregador redondo branco com impress\u00e3o de \u00e1rvore de Natal dourada 24FA3000-PM02-ABC123"},"content":{"rendered":"<p>This is more details for this product<\/p>\n<figure id=\"attachment_1094\" aria-describedby=\"caption-attachment-1094\" style=\"width: 1500px\" class=\"wp-caption alignnone\"><img fetchpriority=\"high\" decoding=\"async\" class=\"size-full wp-image-1094\" src=\"https:\/\/www.spd-hd.com\/wp-content\/uploads\/2026\/01\/23FA3106-S12.jpg\" alt=\"23fa3106 S12\" width=\"1500\" height=\"1500\" srcset=\"https:\/\/www.spd-hd.com\/wp-content\/uploads\/2026\/01\/23FA3106-S12.jpg 1500w, https:\/\/www.spd-hd.com\/wp-content\/uploads\/2026\/01\/23FA3106-S12-150x150.jpg 150w, https:\/\/www.spd-hd.com\/wp-content\/uploads\/2026\/01\/23FA3106-S12-768x768.jpg 768w, https:\/\/www.spd-hd.com\/wp-content\/uploads\/2026\/01\/23FA3106-S12-300x300.jpg 300w, https:\/\/www.spd-hd.com\/wp-content\/uploads\/2026\/01\/23FA3106-S12-600x600.jpg 600w, https:\/\/www.spd-hd.com\/wp-content\/uploads\/2026\/01\/23FA3106-S12-100x100.jpg 100w\" sizes=\"(max-width: 1500px) 100vw, 1500px\" \/><figcaption id=\"caption-attachment-1094\" class=\"wp-caption-text\">23fa3106 S12<\/figcaption><\/figure>","protected":false},"excerpt":{"rendered":"<table width=\"547\">\n<tbody>\n<tr>\n<td width=\"176\">Item No.<\/td>\n<td width=\"371\">24FA3000-PM02<\/td>\n<\/tr>\n<tr>\n<td width=\"176\">Cor<\/td>\n<td width=\"371\">Padr\u00e3o colorido<\/td>\n<\/tr>\n<tr>\n<td width=\"176\">Estilo<\/td>\n<td width=\"371\">Moderno, Cl\u00e1ssico<\/td>\n<\/tr>\n<tr>\n<td width=\"176\">Ocasi\u00e3o\/Utiliza\u00e7\u00e3o<\/td>\n<td width=\"371\">Di\u00e1rio, Feriado, Festa<\/td>\n<\/tr>\n<tr>\n<td width=\"176\">Forma<\/td>\n<td width=\"371\">Forma redonda<\/td>\n<\/tr>\n<tr>\n<td width=\"176\">Carater\u00edstica<\/td>\n<td width=\"371\">Amigo do ambiente<\/td>\n<\/tr>\n<tr>\n<td width=\"176\">Tipo de lou\u00e7a<\/td>\n<td width=\"371\">Pratos e travessas<\/td>\n<\/tr>\n<tr>\n<td width=\"176\">Tipo de padr\u00e3o<\/td>\n<td width=\"371\">\u00c1rvores de Natal e fundo prateado<\/td>\n<\/tr>\n<tr>\n<td width=\"176\">Tipo de placa<\/td>\n<td width=\"371\">Placa de carregador PP<\/td>\n<\/tr>\n<tr>\n<td width=\"176\">T\u00e9cnica<\/td>\n<td width=\"371\">Impress\u00e3o UV<\/td>\n<\/tr>\n<\/tbody>\n<\/table>","protected":false},"featured_media":1288,"comment_status":"open","ping_status":"closed","template":"","meta":[],"product_brand":[],"product_cat":[20,19],"product_tag":[],"class_list":{"0":"post-1286","1":"product","2":"type-product","3":"status-publish","4":"has-post-thumbnail","6":"product_cat-plating-finish-items","7":"product_cat-pp-charger-plate","9":"first","10":"instock","11":"shipping-taxable","12":"product-type-simple"},"yoast_head":"<!-- This site is optimized with the Yoast SEO plugin v27.4 - https:\/\/yoast.com\/product\/yoast-seo-wordpress\/ -->\n<title>Golden Christmas Tree Printing White Round Charger Plate 24FA3000-PM02-ABC123 - One Stop Manufacturer &amp; Supplier of Household Plastic Products (charger plates, decorative trays)<\/title>\n<meta name=\"robots\" content=\"index, follow, max-snippet:-1, max-image-preview:large, max-video-preview:-1\" \/>\n<link rel=\"canonical\" href=\"https:\/\/www.spd-hd.com\/pt\/product\/golden-christmas-tree-printing-white-round-charger-plate-24fa3000-pm02\/\" \/>\n<meta property=\"og:locale\" content=\"pt_PT\" \/>\n<meta property=\"og:type\" content=\"article\" \/>\n<meta property=\"og:title\" content=\"Golden Christmas Tree Printing White Round Charger Plate 24FA3000-PM02-ABC123 - One Stop Manufacturer &amp; Supplier of Household Plastic Products (charger plates, decorative trays)\" \/>\n<meta property=\"og:description\" content=\"Item No. 24FA3000-PM02   Color Colorful Pattern   Style Modern, Classic   Occasion\/Usage Daily, Holiday, Party   Shape Round Shape   Feature Eco-Friendly   Dinnerware Type Dishes &amp; Plates   Pattern Type Christmas Trees &amp; Silver Background   Plate Type PP Charger Plate   Technique UV Printing\" \/>\n<meta property=\"og:url\" content=\"https:\/\/www.spd-hd.com\/pt\/product\/golden-christmas-tree-printing-white-round-charger-plate-24fa3000-pm02\/\" \/>\n<meta property=\"og:site_name\" content=\"One Stop Manufacturer &amp; Supplier of Household Plastic Products (charger plates, decorative trays)\" \/>\n<meta property=\"article:modified_time\" content=\"2026-02-03T09:07:33+00:00\" \/>\n<meta property=\"og:image\" content=\"https:\/\/www.spd-hd.com\/wp-content\/uploads\/2026\/02\/24FA3000-PM02-768x768-1.jpg\" \/>\n\t<meta property=\"og:image:width\" content=\"768\" \/>\n\t<meta property=\"og:image:height\" content=\"768\" \/>\n\t<meta property=\"og:image:type\" content=\"image\/jpeg\" \/>\n<meta name=\"twitter:card\" content=\"summary_large_image\" \/>\n<meta name=\"twitter:label1\" content=\"Tempo estimado de leitura\" \/>\n\t<meta name=\"twitter:data1\" content=\"1 minuto\" \/>\n<script type=\"application\/ld+json\" class=\"yoast-schema-graph\">{\"@context\":\"https:\\\/\\\/schema.org\",\"@graph\":[{\"@type\":\"WebPage\",\"@id\":\"https:\\\/\\\/www.spd-hd.com\\\/product\\\/golden-christmas-tree-printing-white-round-charger-plate-24fa3000-pm02\\\/\",\"url\":\"https:\\\/\\\/www.spd-hd.com\\\/product\\\/golden-christmas-tree-printing-white-round-charger-plate-24fa3000-pm02\\\/\",\"name\":\"Golden Christmas Tree Printing White Round Charger Plate 24FA3000-PM02-ABC123 - One Stop Manufacturer &amp; Supplier of Household Plastic Products (charger plates, decorative trays)\",\"isPartOf\":{\"@id\":\"https:\\\/\\\/www.spd-hd.com\\\/#website\"},\"primaryImageOfPage\":{\"@id\":\"https:\\\/\\\/www.spd-hd.com\\\/product\\\/golden-christmas-tree-printing-white-round-charger-plate-24fa3000-pm02\\\/#primaryimage\"},\"image\":{\"@id\":\"https:\\\/\\\/www.spd-hd.com\\\/product\\\/golden-christmas-tree-printing-white-round-charger-plate-24fa3000-pm02\\\/#primaryimage\"},\"thumbnailUrl\":\"https:\\\/\\\/www.spd-hd.com\\\/wp-content\\\/uploads\\\/2026\\\/02\\\/24FA3000-PM02-768x768-1.jpg\",\"datePublished\":\"2026-02-03T08:43:20+00:00\",\"dateModified\":\"2026-02-03T09:07:33+00:00\",\"breadcrumb\":{\"@id\":\"https:\\\/\\\/www.spd-hd.com\\\/product\\\/golden-christmas-tree-printing-white-round-charger-plate-24fa3000-pm02\\\/#breadcrumb\"},\"inLanguage\":\"pt-PT\",\"potentialAction\":[{\"@type\":\"ReadAction\",\"target\":[\"https:\\\/\\\/www.spd-hd.com\\\/product\\\/golden-christmas-tree-printing-white-round-charger-plate-24fa3000-pm02\\\/\"]}]},{\"@type\":\"ImageObject\",\"inLanguage\":\"pt-PT\",\"@id\":\"https:\\\/\\\/www.spd-hd.com\\\/product\\\/golden-christmas-tree-printing-white-round-charger-plate-24fa3000-pm02\\\/#primaryimage\",\"url\":\"https:\\\/\\\/www.spd-hd.com\\\/wp-content\\\/uploads\\\/2026\\\/02\\\/24FA3000-PM02-768x768-1.jpg\",\"contentUrl\":\"https:\\\/\\\/www.spd-hd.com\\\/wp-content\\\/uploads\\\/2026\\\/02\\\/24FA3000-PM02-768x768-1.jpg\",\"width\":768,\"height\":768},{\"@type\":\"BreadcrumbList\",\"@id\":\"https:\\\/\\\/www.spd-hd.com\\\/product\\\/golden-christmas-tree-printing-white-round-charger-plate-24fa3000-pm02\\\/#breadcrumb\",\"itemListElement\":[{\"@type\":\"ListItem\",\"position\":1,\"name\":\"Home\",\"item\":\"https:\\\/\\\/www.spd-hd.com\\\/\"},{\"@type\":\"ListItem\",\"position\":2,\"name\":\"Shop\",\"item\":\"https:\\\/\\\/www.spd-hd.com\\\/shop\\\/\"},{\"@type\":\"ListItem\",\"position\":3,\"name\":\"Golden Christmas Tree Printing White Round Charger Plate 24FA3000-PM02-ABC123\"}]},{\"@type\":\"WebSite\",\"@id\":\"https:\\\/\\\/www.spd-hd.com\\\/#website\",\"url\":\"https:\\\/\\\/www.spd-hd.com\\\/\",\"name\":\"One Stop Manufacturer &amp; Supplier of Household Plastic Products (charger plates, decorative trays)\",\"description\":\"\",\"publisher\":{\"@id\":\"https:\\\/\\\/www.spd-hd.com\\\/#organization\"},\"potentialAction\":[{\"@type\":\"SearchAction\",\"target\":{\"@type\":\"EntryPoint\",\"urlTemplate\":\"https:\\\/\\\/www.spd-hd.com\\\/?s={search_term_string}\"},\"query-input\":{\"@type\":\"PropertyValueSpecification\",\"valueRequired\":true,\"valueName\":\"search_term_string\"}}],\"inLanguage\":\"pt-PT\"},{\"@type\":\"Organization\",\"@id\":\"https:\\\/\\\/www.spd-hd.com\\\/#organization\",\"name\":\"One Stop Manufacturer &amp; Supplier of Household Plastic Products (charger plates, decorative trays)\",\"url\":\"https:\\\/\\\/www.spd-hd.com\\\/\",\"logo\":{\"@type\":\"ImageObject\",\"inLanguage\":\"pt-PT\",\"@id\":\"https:\\\/\\\/www.spd-hd.com\\\/#\\\/schema\\\/logo\\\/image\\\/\",\"url\":\"https:\\\/\\\/www.spd-hd.com\\\/wp-content\\\/uploads\\\/2025\\\/12\\\/Logo-Horizontal.png\",\"contentUrl\":\"https:\\\/\\\/www.spd-hd.com\\\/wp-content\\\/uploads\\\/2025\\\/12\\\/Logo-Horizontal.png\",\"width\":500,\"height\":200,\"caption\":\"One Stop Manufacturer &amp; Supplier of Household Plastic Products (charger plates, decorative trays)\"},\"image\":{\"@id\":\"https:\\\/\\\/www.spd-hd.com\\\/#\\\/schema\\\/logo\\\/image\\\/\"}}]}<\/script>\n<!-- \/ Yoast SEO plugin. -->","yoast_head_json":{"title":"Golden Christmas Tree Printing White Round Charger Plate 24FA3000-PM02-ABC123 - One Stop Manufacturer &amp; Supplier of Household Plastic Products (charger plates, decorative trays)","robots":{"index":"index","follow":"follow","max-snippet":"max-snippet:-1","max-image-preview":"max-image-preview:large","max-video-preview":"max-video-preview:-1"},"canonical":"https:\/\/www.spd-hd.com\/pt\/product\/golden-christmas-tree-printing-white-round-charger-plate-24fa3000-pm02\/","og_locale":"pt_PT","og_type":"article","og_title":"Golden Christmas Tree Printing White Round Charger Plate 24FA3000-PM02-ABC123 - One Stop Manufacturer &amp; Supplier of Household Plastic Products (charger plates, decorative trays)","og_description":"Item No. 24FA3000-PM02   Color Colorful Pattern   Style Modern, Classic   Occasion\/Usage Daily, Holiday, Party   Shape Round Shape   Feature Eco-Friendly   Dinnerware Type Dishes &amp; Plates   Pattern Type Christmas Trees &amp; Silver Background   Plate Type PP Charger Plate   Technique UV Printing","og_url":"https:\/\/www.spd-hd.com\/pt\/product\/golden-christmas-tree-printing-white-round-charger-plate-24fa3000-pm02\/","og_site_name":"One Stop Manufacturer &amp; Supplier of Household Plastic Products (charger plates, decorative trays)","article_modified_time":"2026-02-03T09:07:33+00:00","og_image":[{"width":768,"height":768,"url":"https:\/\/www.spd-hd.com\/wp-content\/uploads\/2026\/02\/24FA3000-PM02-768x768-1.jpg","type":"image\/jpeg"}],"twitter_card":"summary_large_image","twitter_misc":{"Tempo estimado de leitura":"1 minuto"},"schema":{"@context":"https:\/\/schema.org","@graph":[{"@type":"WebPage","@id":"https:\/\/www.spd-hd.com\/product\/golden-christmas-tree-printing-white-round-charger-plate-24fa3000-pm02\/","url":"https:\/\/www.spd-hd.com\/product\/golden-christmas-tree-printing-white-round-charger-plate-24fa3000-pm02\/","name":"Golden Christmas Tree Printing White Round Charger Plate 24FA3000-PM02-ABC123 - One Stop Manufacturer &amp; Supplier of Household Plastic Products (charger plates, decorative trays)","isPartOf":{"@id":"https:\/\/www.spd-hd.com\/#website"},"primaryImageOfPage":{"@id":"https:\/\/www.spd-hd.com\/product\/golden-christmas-tree-printing-white-round-charger-plate-24fa3000-pm02\/#primaryimage"},"image":{"@id":"https:\/\/www.spd-hd.com\/product\/golden-christmas-tree-printing-white-round-charger-plate-24fa3000-pm02\/#primaryimage"},"thumbnailUrl":"https:\/\/www.spd-hd.com\/wp-content\/uploads\/2026\/02\/24FA3000-PM02-768x768-1.jpg","datePublished":"2026-02-03T08:43:20+00:00","dateModified":"2026-02-03T09:07:33+00:00","breadcrumb":{"@id":"https:\/\/www.spd-hd.com\/product\/golden-christmas-tree-printing-white-round-charger-plate-24fa3000-pm02\/#breadcrumb"},"inLanguage":"pt-PT","potentialAction":[{"@type":"ReadAction","target":["https:\/\/www.spd-hd.com\/product\/golden-christmas-tree-printing-white-round-charger-plate-24fa3000-pm02\/"]}]},{"@type":"ImageObject","inLanguage":"pt-PT","@id":"https:\/\/www.spd-hd.com\/product\/golden-christmas-tree-printing-white-round-charger-plate-24fa3000-pm02\/#primaryimage","url":"https:\/\/www.spd-hd.com\/wp-content\/uploads\/2026\/02\/24FA3000-PM02-768x768-1.jpg","contentUrl":"https:\/\/www.spd-hd.com\/wp-content\/uploads\/2026\/02\/24FA3000-PM02-768x768-1.jpg","width":768,"height":768},{"@type":"BreadcrumbList","@id":"https:\/\/www.spd-hd.com\/product\/golden-christmas-tree-printing-white-round-charger-plate-24fa3000-pm02\/#breadcrumb","itemListElement":[{"@type":"ListItem","position":1,"name":"Home","item":"https:\/\/www.spd-hd.com\/"},{"@type":"ListItem","position":2,"name":"Shop","item":"https:\/\/www.spd-hd.com\/shop\/"},{"@type":"ListItem","position":3,"name":"Golden Christmas Tree Printing White Round Charger Plate 24FA3000-PM02-ABC123"}]},{"@type":"WebSite","@id":"https:\/\/www.spd-hd.com\/#website","url":"https:\/\/www.spd-hd.com\/","name":"Fabricante e fornecedor \u00fanico de produtos de pl\u00e1stico para uso dom\u00e9stico (pratos de carregador, tabuleiros decorativos)","description":"","publisher":{"@id":"https:\/\/www.spd-hd.com\/#organization"},"potentialAction":[{"@type":"SearchAction","target":{"@type":"EntryPoint","urlTemplate":"https:\/\/www.spd-hd.com\/?s={search_term_string}"},"query-input":{"@type":"PropertyValueSpecification","valueRequired":true,"valueName":"search_term_string"}}],"inLanguage":"pt-PT"},{"@type":"Organization","@id":"https:\/\/www.spd-hd.com\/#organization","name":"Fabricante e fornecedor \u00fanico de produtos de pl\u00e1stico para uso dom\u00e9stico (pratos de carregador, tabuleiros decorativos)","url":"https:\/\/www.spd-hd.com\/","logo":{"@type":"ImageObject","inLanguage":"pt-PT","@id":"https:\/\/www.spd-hd.com\/#\/schema\/logo\/image\/","url":"https:\/\/www.spd-hd.com\/wp-content\/uploads\/2025\/12\/Logo-Horizontal.png","contentUrl":"https:\/\/www.spd-hd.com\/wp-content\/uploads\/2025\/12\/Logo-Horizontal.png","width":500,"height":200,"caption":"One Stop Manufacturer &amp; Supplier of Household Plastic Products (charger plates, decorative trays)"},"image":{"@id":"https:\/\/www.spd-hd.com\/#\/schema\/logo\/image\/"}}]}},"_links":{"self":[{"href":"https:\/\/www.spd-hd.com\/pt\/wp-json\/wp\/v2\/product\/1286","targetHints":{"allow":["GET"]}}],"collection":[{"href":"https:\/\/www.spd-hd.com\/pt\/wp-json\/wp\/v2\/product"}],"about":[{"href":"https:\/\/www.spd-hd.com\/pt\/wp-json\/wp\/v2\/types\/product"}],"replies":[{"embeddable":true,"href":"https:\/\/www.spd-hd.com\/pt\/wp-json\/wp\/v2\/comments?post=1286"}],"wp:featuredmedia":[{"embeddable":true,"href":"https:\/\/www.spd-hd.com\/pt\/wp-json\/wp\/v2\/media\/1288"}],"wp:attachment":[{"href":"https:\/\/www.spd-hd.com\/pt\/wp-json\/wp\/v2\/media?parent=1286"}],"wp:term":[{"taxonomy":"product_brand","embeddable":true,"href":"https:\/\/www.spd-hd.com\/pt\/wp-json\/wp\/v2\/product_brand?post=1286"},{"taxonomy":"product_cat","embeddable":true,"href":"https:\/\/www.spd-hd.com\/pt\/wp-json\/wp\/v2\/product_cat?post=1286"},{"taxonomy":"product_tag","embeddable":true,"href":"https:\/\/www.spd-hd.com\/pt\/wp-json\/wp\/v2\/product_tag?post=1286"}],"curies":[{"name":"wp","href":"https:\/\/api.w.org\/{rel}","templated":true}]}}