{"id":278,"date":"2025-12-17T14:20:46","date_gmt":"2025-12-17T14:20:46","guid":{"rendered":"https:\/\/www.spd-hd.com\/?post_type=product&#038;p=278"},"modified":"2026-01-16T07:31:20","modified_gmt":"2026-01-16T07:31:20","slug":"wholesale-reusable-plastic-pp-13-inch-charger-plates-24ar3238-ar010-148","status":"publish","type":"product","link":"https:\/\/www.spd-hd.com\/pt\/product\/wholesale-reusable-plastic-pp-13-inch-charger-plates-24ar3238-ar010-148\/","title":{"rendered":"Wholesale Reusable Plastic PP 13 Inch Charger Plates 24AR3238-AR01~0.148"},"content":{"rendered":"","protected":false},"excerpt":{"rendered":"<table>\n<tbody>\n<tr>\n<td width=\"284\">Item No.<\/td>\n<td width=\"284\">24AR3238-AR01~0.148<\/td>\n<\/tr>\n<tr>\n<td width=\"284\">Cor<\/td>\n<td width=\"284\">Red<\/td>\n<\/tr>\n<tr>\n<td width=\"284\">Estilo<\/td>\n<td width=\"284\">Cl\u00e1ssico, Antigo, Vintage<\/td>\n<\/tr>\n<tr>\n<td width=\"284\">Ocasi\u00e3o\/Utiliza\u00e7\u00e3o<\/td>\n<td width=\"284\">Di\u00e1rio, Feriado, Festa<\/td>\n<\/tr>\n<tr>\n<td width=\"284\">Forma<\/td>\n<td width=\"284\">Decora\u00e7\u00e3o de flores em forma redonda<\/td>\n<\/tr>\n<tr>\n<td width=\"284\">Carater\u00edstica<\/td>\n<td width=\"284\">Amigo do ambiente<\/td>\n<\/tr>\n<tr>\n<td width=\"284\">Tipo de lou\u00e7a<\/td>\n<td width=\"284\">Pratos e travessas<\/td>\n<\/tr>\n<tr>\n<td width=\"284\">Tipo de padr\u00e3o<\/td>\n<td width=\"284\">Solid Color with Border<\/td>\n<\/tr>\n<tr>\n<td width=\"284\">Tipo de placa<\/td>\n<td width=\"284\">Placa de carregador PP<\/td>\n<\/tr>\n<tr>\n<td width=\"284\">T\u00e9cnica<\/td>\n<td width=\"284\">Acabamento antigo<\/td>\n<\/tr>\n<\/tbody>\n<\/table>","protected":false},"featured_media":279,"comment_status":"open","ping_status":"closed","template":"","meta":[],"product_brand":[],"product_cat":[24,19],"product_tag":[],"class_list":{"0":"post-278","1":"product","2":"type-product","3":"status-publish","4":"has-post-thumbnail","6":"product_cat-antique-finish-items","7":"product_cat-pp-charger-plate","9":"first","10":"instock","11":"shipping-taxable","12":"product-type-simple"},"yoast_head":"<!-- This site is optimized with the Yoast SEO plugin v27.1.1 - https:\/\/yoast.com\/product\/yoast-seo-wordpress\/ -->\n<title>Wholesale Reusable Plastic PP 13 Inch Charger Plates 24AR3238-AR01~0.148 - One Stop Manufacturer &amp; Supplier of Household Plastic Products (charger plates, decorative trays)<\/title>\n<meta name=\"robots\" content=\"index, follow, max-snippet:-1, max-image-preview:large, max-video-preview:-1\" \/>\n<link rel=\"canonical\" href=\"https:\/\/www.spd-hd.com\/pt\/product\/wholesale-reusable-plastic-pp-13-inch-charger-plates-24ar3238-ar010-148\/\" \/>\n<meta property=\"og:locale\" content=\"pt_PT\" \/>\n<meta property=\"og:type\" content=\"article\" \/>\n<meta property=\"og:title\" content=\"Wholesale Reusable Plastic PP 13 Inch Charger Plates 24AR3238-AR01~0.148 - One Stop Manufacturer &amp; Supplier of Household Plastic Products (charger plates, decorative trays)\" \/>\n<meta property=\"og:description\" content=\"Item No. 24AR3238-AR01~0.148   Color Red   Style Classic, Antique, Vintage   Occasion\/Usage Daily, Holiday, Party   Shape Flower Decor Round Shape   Feature Eco-Friendly   Dinnerware Type Dishes &amp; Plates   Pattern Type Solid Color with Border   Plate Type PP Charger Plate   Technique Antique Finish\" \/>\n<meta property=\"og:url\" content=\"https:\/\/www.spd-hd.com\/pt\/product\/wholesale-reusable-plastic-pp-13-inch-charger-plates-24ar3238-ar010-148\/\" \/>\n<meta property=\"og:site_name\" content=\"One Stop Manufacturer &amp; Supplier of Household Plastic Products (charger plates, decorative trays)\" \/>\n<meta property=\"article:modified_time\" content=\"2026-01-16T07:31:20+00:00\" \/>\n<meta property=\"og:image\" content=\"https:\/\/www.spd-hd.com\/wp-content\/uploads\/2025\/12\/24AR3238-AR010.148.jpg\" \/>\n\t<meta property=\"og:image:width\" content=\"1200\" \/>\n\t<meta property=\"og:image:height\" content=\"1200\" \/>\n\t<meta property=\"og:image:type\" content=\"image\/jpeg\" \/>\n<meta name=\"twitter:card\" content=\"summary_large_image\" \/>\n<meta name=\"twitter:label1\" content=\"Tempo estimado de leitura\" \/>\n\t<meta name=\"twitter:data1\" content=\"1 minuto\" \/>\n<script type=\"application\/ld+json\" class=\"yoast-schema-graph\">{\"@context\":\"https:\/\/schema.org\",\"@graph\":[{\"@type\":\"WebPage\",\"@id\":\"https:\/\/www.spd-hd.com\/product\/wholesale-reusable-plastic-pp-13-inch-charger-plates-24ar3238-ar010-148\/\",\"url\":\"https:\/\/www.spd-hd.com\/product\/wholesale-reusable-plastic-pp-13-inch-charger-plates-24ar3238-ar010-148\/\",\"name\":\"Wholesale Reusable Plastic PP 13 Inch Charger Plates 24AR3238-AR01~0.148 - One Stop Manufacturer &amp; Supplier of Household Plastic Products (charger plates, decorative trays)\",\"isPartOf\":{\"@id\":\"https:\/\/www.spd-hd.com\/#website\"},\"primaryImageOfPage\":{\"@id\":\"https:\/\/www.spd-hd.com\/product\/wholesale-reusable-plastic-pp-13-inch-charger-plates-24ar3238-ar010-148\/#primaryimage\"},\"image\":{\"@id\":\"https:\/\/www.spd-hd.com\/product\/wholesale-reusable-plastic-pp-13-inch-charger-plates-24ar3238-ar010-148\/#primaryimage\"},\"thumbnailUrl\":\"https:\/\/www.spd-hd.com\/wp-content\/uploads\/2025\/12\/24AR3238-AR010.148.jpg\",\"datePublished\":\"2025-12-17T14:20:46+00:00\",\"dateModified\":\"2026-01-16T07:31:20+00:00\",\"breadcrumb\":{\"@id\":\"https:\/\/www.spd-hd.com\/product\/wholesale-reusable-plastic-pp-13-inch-charger-plates-24ar3238-ar010-148\/#breadcrumb\"},\"inLanguage\":\"pt-PT\",\"potentialAction\":[{\"@type\":\"ReadAction\",\"target\":[\"https:\/\/www.spd-hd.com\/product\/wholesale-reusable-plastic-pp-13-inch-charger-plates-24ar3238-ar010-148\/\"]}]},{\"@type\":\"ImageObject\",\"inLanguage\":\"pt-PT\",\"@id\":\"https:\/\/www.spd-hd.com\/product\/wholesale-reusable-plastic-pp-13-inch-charger-plates-24ar3238-ar010-148\/#primaryimage\",\"url\":\"https:\/\/www.spd-hd.com\/wp-content\/uploads\/2025\/12\/24AR3238-AR010.148.jpg\",\"contentUrl\":\"https:\/\/www.spd-hd.com\/wp-content\/uploads\/2025\/12\/24AR3238-AR010.148.jpg\",\"width\":1200,\"height\":1200,\"caption\":\"24ar3238 Ar01~0.148\"},{\"@type\":\"BreadcrumbList\",\"@id\":\"https:\/\/www.spd-hd.com\/product\/wholesale-reusable-plastic-pp-13-inch-charger-plates-24ar3238-ar010-148\/#breadcrumb\",\"itemListElement\":[{\"@type\":\"ListItem\",\"position\":1,\"name\":\"Home\",\"item\":\"https:\/\/www.spd-hd.com\/\"},{\"@type\":\"ListItem\",\"position\":2,\"name\":\"Shop\",\"item\":\"https:\/\/www.spd-hd.com\/shop\/\"},{\"@type\":\"ListItem\",\"position\":3,\"name\":\"Wholesale Reusable Plastic PP 13 Inch Charger Plates 24AR3238-AR01~0.148\"}]},{\"@type\":\"WebSite\",\"@id\":\"https:\/\/www.spd-hd.com\/#website\",\"url\":\"https:\/\/www.spd-hd.com\/\",\"name\":\"One Stop Manufacturer &amp; Supplier of Household Plastic Products (charger plates, decorative trays)\",\"description\":\"\",\"publisher\":{\"@id\":\"https:\/\/www.spd-hd.com\/#organization\"},\"potentialAction\":[{\"@type\":\"SearchAction\",\"target\":{\"@type\":\"EntryPoint\",\"urlTemplate\":\"https:\/\/www.spd-hd.com\/?s={search_term_string}\"},\"query-input\":{\"@type\":\"PropertyValueSpecification\",\"valueRequired\":true,\"valueName\":\"search_term_string\"}}],\"inLanguage\":\"pt-PT\"},{\"@type\":\"Organization\",\"@id\":\"https:\/\/www.spd-hd.com\/#organization\",\"name\":\"One Stop Manufacturer &amp; Supplier of Household Plastic Products (charger plates, decorative trays)\",\"url\":\"https:\/\/www.spd-hd.com\/\",\"logo\":{\"@type\":\"ImageObject\",\"inLanguage\":\"pt-PT\",\"@id\":\"https:\/\/www.spd-hd.com\/#\/schema\/logo\/image\/\",\"url\":\"https:\/\/www.spd-hd.com\/wp-content\/uploads\/2025\/12\/Logo-Horizontal.png\",\"contentUrl\":\"https:\/\/www.spd-hd.com\/wp-content\/uploads\/2025\/12\/Logo-Horizontal.png\",\"width\":500,\"height\":200,\"caption\":\"One Stop Manufacturer &amp; Supplier of Household Plastic Products (charger plates, decorative trays)\"},\"image\":{\"@id\":\"https:\/\/www.spd-hd.com\/#\/schema\/logo\/image\/\"}}]}<\/script>\n<!-- \/ Yoast SEO plugin. -->","yoast_head_json":{"title":"Wholesale Reusable Plastic PP 13 Inch Charger Plates 24AR3238-AR01~0.148 - One Stop Manufacturer &amp; Supplier of Household Plastic Products (charger plates, decorative trays)","robots":{"index":"index","follow":"follow","max-snippet":"max-snippet:-1","max-image-preview":"max-image-preview:large","max-video-preview":"max-video-preview:-1"},"canonical":"https:\/\/www.spd-hd.com\/pt\/product\/wholesale-reusable-plastic-pp-13-inch-charger-plates-24ar3238-ar010-148\/","og_locale":"pt_PT","og_type":"article","og_title":"Wholesale Reusable Plastic PP 13 Inch Charger Plates 24AR3238-AR01~0.148 - One Stop Manufacturer &amp; Supplier of Household Plastic Products (charger plates, decorative trays)","og_description":"Item No. 24AR3238-AR01~0.148   Color Red   Style Classic, Antique, Vintage   Occasion\/Usage Daily, Holiday, Party   Shape Flower Decor Round Shape   Feature Eco-Friendly   Dinnerware Type Dishes &amp; Plates   Pattern Type Solid Color with Border   Plate Type PP Charger Plate   Technique Antique Finish","og_url":"https:\/\/www.spd-hd.com\/pt\/product\/wholesale-reusable-plastic-pp-13-inch-charger-plates-24ar3238-ar010-148\/","og_site_name":"One Stop Manufacturer &amp; Supplier of Household Plastic Products (charger plates, decorative trays)","article_modified_time":"2026-01-16T07:31:20+00:00","og_image":[{"width":1200,"height":1200,"url":"https:\/\/www.spd-hd.com\/wp-content\/uploads\/2025\/12\/24AR3238-AR010.148.jpg","type":"image\/jpeg"}],"twitter_card":"summary_large_image","twitter_misc":{"Tempo estimado de leitura":"1 minuto"},"schema":{"@context":"https:\/\/schema.org","@graph":[{"@type":"WebPage","@id":"https:\/\/www.spd-hd.com\/product\/wholesale-reusable-plastic-pp-13-inch-charger-plates-24ar3238-ar010-148\/","url":"https:\/\/www.spd-hd.com\/product\/wholesale-reusable-plastic-pp-13-inch-charger-plates-24ar3238-ar010-148\/","name":"Wholesale Reusable Plastic PP 13 Inch Charger Plates 24AR3238-AR01~0.148 - One Stop Manufacturer &amp; Supplier of Household Plastic Products (charger plates, decorative trays)","isPartOf":{"@id":"https:\/\/www.spd-hd.com\/#website"},"primaryImageOfPage":{"@id":"https:\/\/www.spd-hd.com\/product\/wholesale-reusable-plastic-pp-13-inch-charger-plates-24ar3238-ar010-148\/#primaryimage"},"image":{"@id":"https:\/\/www.spd-hd.com\/product\/wholesale-reusable-plastic-pp-13-inch-charger-plates-24ar3238-ar010-148\/#primaryimage"},"thumbnailUrl":"https:\/\/www.spd-hd.com\/wp-content\/uploads\/2025\/12\/24AR3238-AR010.148.jpg","datePublished":"2025-12-17T14:20:46+00:00","dateModified":"2026-01-16T07:31:20+00:00","breadcrumb":{"@id":"https:\/\/www.spd-hd.com\/product\/wholesale-reusable-plastic-pp-13-inch-charger-plates-24ar3238-ar010-148\/#breadcrumb"},"inLanguage":"pt-PT","potentialAction":[{"@type":"ReadAction","target":["https:\/\/www.spd-hd.com\/product\/wholesale-reusable-plastic-pp-13-inch-charger-plates-24ar3238-ar010-148\/"]}]},{"@type":"ImageObject","inLanguage":"pt-PT","@id":"https:\/\/www.spd-hd.com\/product\/wholesale-reusable-plastic-pp-13-inch-charger-plates-24ar3238-ar010-148\/#primaryimage","url":"https:\/\/www.spd-hd.com\/wp-content\/uploads\/2025\/12\/24AR3238-AR010.148.jpg","contentUrl":"https:\/\/www.spd-hd.com\/wp-content\/uploads\/2025\/12\/24AR3238-AR010.148.jpg","width":1200,"height":1200,"caption":"24ar3238 Ar01~0.148"},{"@type":"BreadcrumbList","@id":"https:\/\/www.spd-hd.com\/product\/wholesale-reusable-plastic-pp-13-inch-charger-plates-24ar3238-ar010-148\/#breadcrumb","itemListElement":[{"@type":"ListItem","position":1,"name":"Home","item":"https:\/\/www.spd-hd.com\/"},{"@type":"ListItem","position":2,"name":"Shop","item":"https:\/\/www.spd-hd.com\/shop\/"},{"@type":"ListItem","position":3,"name":"Wholesale Reusable Plastic PP 13 Inch Charger Plates 24AR3238-AR01~0.148"}]},{"@type":"WebSite","@id":"https:\/\/www.spd-hd.com\/#website","url":"https:\/\/www.spd-hd.com\/","name":"Fabricante e fornecedor \u00fanico de produtos de pl\u00e1stico para uso dom\u00e9stico (pratos de carregador, tabuleiros decorativos)","description":"","publisher":{"@id":"https:\/\/www.spd-hd.com\/#organization"},"potentialAction":[{"@type":"SearchAction","target":{"@type":"EntryPoint","urlTemplate":"https:\/\/www.spd-hd.com\/?s={search_term_string}"},"query-input":{"@type":"PropertyValueSpecification","valueRequired":true,"valueName":"search_term_string"}}],"inLanguage":"pt-PT"},{"@type":"Organization","@id":"https:\/\/www.spd-hd.com\/#organization","name":"Fabricante e fornecedor \u00fanico de produtos de pl\u00e1stico para uso dom\u00e9stico (pratos de carregador, tabuleiros decorativos)","url":"https:\/\/www.spd-hd.com\/","logo":{"@type":"ImageObject","inLanguage":"pt-PT","@id":"https:\/\/www.spd-hd.com\/#\/schema\/logo\/image\/","url":"https:\/\/www.spd-hd.com\/wp-content\/uploads\/2025\/12\/Logo-Horizontal.png","contentUrl":"https:\/\/www.spd-hd.com\/wp-content\/uploads\/2025\/12\/Logo-Horizontal.png","width":500,"height":200,"caption":"One Stop Manufacturer &amp; Supplier of Household Plastic Products (charger plates, decorative trays)"},"image":{"@id":"https:\/\/www.spd-hd.com\/#\/schema\/logo\/image\/"}}]}},"_links":{"self":[{"href":"https:\/\/www.spd-hd.com\/pt\/wp-json\/wp\/v2\/product\/278","targetHints":{"allow":["GET"]}}],"collection":[{"href":"https:\/\/www.spd-hd.com\/pt\/wp-json\/wp\/v2\/product"}],"about":[{"href":"https:\/\/www.spd-hd.com\/pt\/wp-json\/wp\/v2\/types\/product"}],"replies":[{"embeddable":true,"href":"https:\/\/www.spd-hd.com\/pt\/wp-json\/wp\/v2\/comments?post=278"}],"wp:featuredmedia":[{"embeddable":true,"href":"https:\/\/www.spd-hd.com\/pt\/wp-json\/wp\/v2\/media\/279"}],"wp:attachment":[{"href":"https:\/\/www.spd-hd.com\/pt\/wp-json\/wp\/v2\/media?parent=278"}],"wp:term":[{"taxonomy":"product_brand","embeddable":true,"href":"https:\/\/www.spd-hd.com\/pt\/wp-json\/wp\/v2\/product_brand?post=278"},{"taxonomy":"product_cat","embeddable":true,"href":"https:\/\/www.spd-hd.com\/pt\/wp-json\/wp\/v2\/product_cat?post=278"},{"taxonomy":"product_tag","embeddable":true,"href":"https:\/\/www.spd-hd.com\/pt\/wp-json\/wp\/v2\/product_tag?post=278"}],"curies":[{"name":"wp","href":"https:\/\/api.w.org\/{rel}","templated":true}]}}