{"id":939,"date":"2026-01-12T08:19:07","date_gmt":"2026-01-12T08:19:07","guid":{"rendered":"https:\/\/www.spd-hd.com\/?post_type=product&#038;p=939"},"modified":"2026-01-25T11:36:04","modified_gmt":"2026-01-25T11:36:04","slug":"uv-printing-charger-plate-25fa3000-uv53","status":"publish","type":"product","link":"https:\/\/www.spd-hd.com\/pt\/product\/uv-printing-charger-plate-25fa3000-uv53\/","title":{"rendered":"Plaid &#038; Reindeer Printing Round Charger Plate 25FA3000-UV53 Manufacturer China"},"content":{"rendered":"","protected":false},"excerpt":{"rendered":"<table>\n<tbody>\n<tr>\n<td width=\"284\">Item No.<\/td>\n<td width=\"284\">25FA3000-UV53<\/td>\n<\/tr>\n<tr>\n<td width=\"284\">Cor<\/td>\n<td width=\"284\">Black, Red, Golden<\/td>\n<\/tr>\n<tr>\n<td width=\"284\">Estilo<\/td>\n<td width=\"284\">Moderno, Cl\u00e1ssico<\/td>\n<\/tr>\n<tr>\n<td width=\"284\">Ocasi\u00e3o\/Utiliza\u00e7\u00e3o<\/td>\n<td width=\"284\">Di\u00e1rio, Feriado, Festa<\/td>\n<\/tr>\n<tr>\n<td width=\"284\">Forma<\/td>\n<td width=\"284\">Forma redonda<\/td>\n<\/tr>\n<tr>\n<td width=\"284\">Carater\u00edstica<\/td>\n<td width=\"284\">Amigo do ambiente<\/td>\n<\/tr>\n<tr>\n<td width=\"284\">Tipo de lou\u00e7a<\/td>\n<td width=\"284\">Pratos e travessas<\/td>\n<\/tr>\n<tr>\n<td width=\"284\">Tipo de padr\u00e3o<\/td>\n<td width=\"284\">Deer &amp; Trees for Christmas &amp; Plaid<\/td>\n<\/tr>\n<tr>\n<td width=\"284\">Tipo de placa<\/td>\n<td width=\"284\">Placa de carregador PP<\/td>\n<\/tr>\n<tr>\n<td width=\"284\">T\u00e9cnica<\/td>\n<td width=\"284\">Impress\u00e3o UV<\/td>\n<\/tr>\n<\/tbody>\n<\/table>","protected":false},"featured_media":922,"comment_status":"open","ping_status":"closed","template":"","meta":[],"product_brand":[],"product_cat":[19,23],"product_tag":[],"class_list":{"0":"post-939","1":"product","2":"type-product","3":"status-publish","4":"has-post-thumbnail","6":"product_cat-pp-charger-plate","7":"product_cat-uv-printing-items","9":"first","10":"instock","11":"shipping-taxable","12":"product-type-simple"},"yoast_head":"<!-- This site is optimized with the Yoast SEO plugin v27.1.1 - https:\/\/yoast.com\/product\/yoast-seo-wordpress\/ -->\n<title>Plaid &amp; Reindeer Printing Round Charger Plate 25FA3000-UV53 Manufacturer China - One Stop Manufacturer &amp; Supplier of Household Plastic Products (charger plates, decorative trays)<\/title>\n<meta name=\"robots\" content=\"index, follow, max-snippet:-1, max-image-preview:large, max-video-preview:-1\" \/>\n<link rel=\"canonical\" href=\"https:\/\/www.spd-hd.com\/pt\/product\/uv-printing-charger-plate-25fa3000-uv53\/\" \/>\n<meta property=\"og:locale\" content=\"pt_PT\" \/>\n<meta property=\"og:type\" content=\"article\" \/>\n<meta property=\"og:title\" content=\"Plaid &amp; Reindeer Printing Round Charger Plate 25FA3000-UV53 Manufacturer China - One Stop Manufacturer &amp; Supplier of Household Plastic Products (charger plates, decorative trays)\" \/>\n<meta property=\"og:description\" content=\"Item No. 25FA3000-UV53   Color Black, Red, Golden   Style Modern, Classic   Occasion\/Usage Daily, Holiday, Party   Shape Round Shape   Feature Eco-Friendly   Dinnerware Type Dishes &amp; Plates   Pattern Type Deer &amp; Trees for Christmas &amp; Plaid   Plate Type PP Charger Plate   Technique UV Printing\" \/>\n<meta property=\"og:url\" content=\"https:\/\/www.spd-hd.com\/pt\/product\/uv-printing-charger-plate-25fa3000-uv53\/\" \/>\n<meta property=\"og:site_name\" content=\"One Stop Manufacturer &amp; Supplier of Household Plastic Products (charger plates, decorative trays)\" \/>\n<meta property=\"article:modified_time\" content=\"2026-01-25T11:36:04+00:00\" \/>\n<meta property=\"og:image\" content=\"https:\/\/www.spd-hd.com\/wp-content\/uploads\/2026\/01\/25FA3000-UV53.jpg\" \/>\n\t<meta property=\"og:image:width\" content=\"1200\" \/>\n\t<meta property=\"og:image:height\" content=\"1197\" \/>\n\t<meta property=\"og:image:type\" content=\"image\/jpeg\" \/>\n<meta name=\"twitter:card\" content=\"summary_large_image\" \/>\n<meta name=\"twitter:label1\" content=\"Tempo estimado de leitura\" \/>\n\t<meta name=\"twitter:data1\" content=\"1 minuto\" \/>\n<script type=\"application\/ld+json\" class=\"yoast-schema-graph\">{\"@context\":\"https:\/\/schema.org\",\"@graph\":[{\"@type\":\"WebPage\",\"@id\":\"https:\/\/www.spd-hd.com\/product\/uv-printing-charger-plate-25fa3000-uv53\/\",\"url\":\"https:\/\/www.spd-hd.com\/product\/uv-printing-charger-plate-25fa3000-uv53\/\",\"name\":\"Plaid & Reindeer Printing Round Charger Plate 25FA3000-UV53 Manufacturer China - One Stop Manufacturer &amp; Supplier of Household Plastic Products (charger plates, decorative trays)\",\"isPartOf\":{\"@id\":\"https:\/\/www.spd-hd.com\/#website\"},\"primaryImageOfPage\":{\"@id\":\"https:\/\/www.spd-hd.com\/product\/uv-printing-charger-plate-25fa3000-uv53\/#primaryimage\"},\"image\":{\"@id\":\"https:\/\/www.spd-hd.com\/product\/uv-printing-charger-plate-25fa3000-uv53\/#primaryimage\"},\"thumbnailUrl\":\"https:\/\/www.spd-hd.com\/wp-content\/uploads\/2026\/01\/25FA3000-UV53.jpg\",\"datePublished\":\"2026-01-12T08:19:07+00:00\",\"dateModified\":\"2026-01-25T11:36:04+00:00\",\"breadcrumb\":{\"@id\":\"https:\/\/www.spd-hd.com\/product\/uv-printing-charger-plate-25fa3000-uv53\/#breadcrumb\"},\"inLanguage\":\"pt-PT\",\"potentialAction\":[{\"@type\":\"ReadAction\",\"target\":[\"https:\/\/www.spd-hd.com\/product\/uv-printing-charger-plate-25fa3000-uv53\/\"]}]},{\"@type\":\"ImageObject\",\"inLanguage\":\"pt-PT\",\"@id\":\"https:\/\/www.spd-hd.com\/product\/uv-printing-charger-plate-25fa3000-uv53\/#primaryimage\",\"url\":\"https:\/\/www.spd-hd.com\/wp-content\/uploads\/2026\/01\/25FA3000-UV53.jpg\",\"contentUrl\":\"https:\/\/www.spd-hd.com\/wp-content\/uploads\/2026\/01\/25FA3000-UV53.jpg\",\"width\":1200,\"height\":1197,\"caption\":\"25fa3000 Uv53\"},{\"@type\":\"BreadcrumbList\",\"@id\":\"https:\/\/www.spd-hd.com\/product\/uv-printing-charger-plate-25fa3000-uv53\/#breadcrumb\",\"itemListElement\":[{\"@type\":\"ListItem\",\"position\":1,\"name\":\"Home\",\"item\":\"https:\/\/www.spd-hd.com\/\"},{\"@type\":\"ListItem\",\"position\":2,\"name\":\"Shop\",\"item\":\"https:\/\/www.spd-hd.com\/shop\/\"},{\"@type\":\"ListItem\",\"position\":3,\"name\":\"Plaid &#038; Reindeer Printing Round Charger Plate 25FA3000-UV53 Manufacturer China\"}]},{\"@type\":\"WebSite\",\"@id\":\"https:\/\/www.spd-hd.com\/#website\",\"url\":\"https:\/\/www.spd-hd.com\/\",\"name\":\"One Stop Manufacturer &amp; Supplier of Household Plastic Products (charger plates, decorative trays)\",\"description\":\"\",\"publisher\":{\"@id\":\"https:\/\/www.spd-hd.com\/#organization\"},\"potentialAction\":[{\"@type\":\"SearchAction\",\"target\":{\"@type\":\"EntryPoint\",\"urlTemplate\":\"https:\/\/www.spd-hd.com\/?s={search_term_string}\"},\"query-input\":{\"@type\":\"PropertyValueSpecification\",\"valueRequired\":true,\"valueName\":\"search_term_string\"}}],\"inLanguage\":\"pt-PT\"},{\"@type\":\"Organization\",\"@id\":\"https:\/\/www.spd-hd.com\/#organization\",\"name\":\"One Stop Manufacturer &amp; Supplier of Household Plastic Products (charger plates, decorative trays)\",\"url\":\"https:\/\/www.spd-hd.com\/\",\"logo\":{\"@type\":\"ImageObject\",\"inLanguage\":\"pt-PT\",\"@id\":\"https:\/\/www.spd-hd.com\/#\/schema\/logo\/image\/\",\"url\":\"https:\/\/www.spd-hd.com\/wp-content\/uploads\/2025\/12\/Logo-Horizontal.png\",\"contentUrl\":\"https:\/\/www.spd-hd.com\/wp-content\/uploads\/2025\/12\/Logo-Horizontal.png\",\"width\":500,\"height\":200,\"caption\":\"One Stop Manufacturer &amp; Supplier of Household Plastic Products (charger plates, decorative trays)\"},\"image\":{\"@id\":\"https:\/\/www.spd-hd.com\/#\/schema\/logo\/image\/\"}}]}<\/script>\n<!-- \/ Yoast SEO plugin. -->","yoast_head_json":{"title":"Plaid & Reindeer Printing Round Charger Plate 25FA3000-UV53 Manufacturer China - One Stop Manufacturer &amp; Supplier of Household Plastic Products (charger plates, decorative trays)","robots":{"index":"index","follow":"follow","max-snippet":"max-snippet:-1","max-image-preview":"max-image-preview:large","max-video-preview":"max-video-preview:-1"},"canonical":"https:\/\/www.spd-hd.com\/pt\/product\/uv-printing-charger-plate-25fa3000-uv53\/","og_locale":"pt_PT","og_type":"article","og_title":"Plaid & Reindeer Printing Round Charger Plate 25FA3000-UV53 Manufacturer China - One Stop Manufacturer &amp; Supplier of Household Plastic Products (charger plates, decorative trays)","og_description":"Item No. 25FA3000-UV53   Color Black, Red, Golden   Style Modern, Classic   Occasion\/Usage Daily, Holiday, Party   Shape Round Shape   Feature Eco-Friendly   Dinnerware Type Dishes &amp; Plates   Pattern Type Deer &amp; Trees for Christmas &amp; Plaid   Plate Type PP Charger Plate   Technique UV Printing","og_url":"https:\/\/www.spd-hd.com\/pt\/product\/uv-printing-charger-plate-25fa3000-uv53\/","og_site_name":"One Stop Manufacturer &amp; Supplier of Household Plastic Products (charger plates, decorative trays)","article_modified_time":"2026-01-25T11:36:04+00:00","og_image":[{"width":1200,"height":1197,"url":"https:\/\/www.spd-hd.com\/wp-content\/uploads\/2026\/01\/25FA3000-UV53.jpg","type":"image\/jpeg"}],"twitter_card":"summary_large_image","twitter_misc":{"Tempo estimado de leitura":"1 minuto"},"schema":{"@context":"https:\/\/schema.org","@graph":[{"@type":"WebPage","@id":"https:\/\/www.spd-hd.com\/product\/uv-printing-charger-plate-25fa3000-uv53\/","url":"https:\/\/www.spd-hd.com\/product\/uv-printing-charger-plate-25fa3000-uv53\/","name":"Plaid & Reindeer Printing Round Charger Plate 25FA3000-UV53 Manufacturer China - One Stop Manufacturer &amp; Supplier of Household Plastic Products (charger plates, decorative trays)","isPartOf":{"@id":"https:\/\/www.spd-hd.com\/#website"},"primaryImageOfPage":{"@id":"https:\/\/www.spd-hd.com\/product\/uv-printing-charger-plate-25fa3000-uv53\/#primaryimage"},"image":{"@id":"https:\/\/www.spd-hd.com\/product\/uv-printing-charger-plate-25fa3000-uv53\/#primaryimage"},"thumbnailUrl":"https:\/\/www.spd-hd.com\/wp-content\/uploads\/2026\/01\/25FA3000-UV53.jpg","datePublished":"2026-01-12T08:19:07+00:00","dateModified":"2026-01-25T11:36:04+00:00","breadcrumb":{"@id":"https:\/\/www.spd-hd.com\/product\/uv-printing-charger-plate-25fa3000-uv53\/#breadcrumb"},"inLanguage":"pt-PT","potentialAction":[{"@type":"ReadAction","target":["https:\/\/www.spd-hd.com\/product\/uv-printing-charger-plate-25fa3000-uv53\/"]}]},{"@type":"ImageObject","inLanguage":"pt-PT","@id":"https:\/\/www.spd-hd.com\/product\/uv-printing-charger-plate-25fa3000-uv53\/#primaryimage","url":"https:\/\/www.spd-hd.com\/wp-content\/uploads\/2026\/01\/25FA3000-UV53.jpg","contentUrl":"https:\/\/www.spd-hd.com\/wp-content\/uploads\/2026\/01\/25FA3000-UV53.jpg","width":1200,"height":1197,"caption":"25fa3000 Uv53"},{"@type":"BreadcrumbList","@id":"https:\/\/www.spd-hd.com\/product\/uv-printing-charger-plate-25fa3000-uv53\/#breadcrumb","itemListElement":[{"@type":"ListItem","position":1,"name":"Home","item":"https:\/\/www.spd-hd.com\/"},{"@type":"ListItem","position":2,"name":"Shop","item":"https:\/\/www.spd-hd.com\/shop\/"},{"@type":"ListItem","position":3,"name":"Plaid &#038; Reindeer Printing Round Charger Plate 25FA3000-UV53 Manufacturer China"}]},{"@type":"WebSite","@id":"https:\/\/www.spd-hd.com\/#website","url":"https:\/\/www.spd-hd.com\/","name":"Fabricante e fornecedor \u00fanico de produtos de pl\u00e1stico para uso dom\u00e9stico (pratos de carregador, tabuleiros decorativos)","description":"","publisher":{"@id":"https:\/\/www.spd-hd.com\/#organization"},"potentialAction":[{"@type":"SearchAction","target":{"@type":"EntryPoint","urlTemplate":"https:\/\/www.spd-hd.com\/?s={search_term_string}"},"query-input":{"@type":"PropertyValueSpecification","valueRequired":true,"valueName":"search_term_string"}}],"inLanguage":"pt-PT"},{"@type":"Organization","@id":"https:\/\/www.spd-hd.com\/#organization","name":"Fabricante e fornecedor \u00fanico de produtos de pl\u00e1stico para uso dom\u00e9stico (pratos de carregador, tabuleiros decorativos)","url":"https:\/\/www.spd-hd.com\/","logo":{"@type":"ImageObject","inLanguage":"pt-PT","@id":"https:\/\/www.spd-hd.com\/#\/schema\/logo\/image\/","url":"https:\/\/www.spd-hd.com\/wp-content\/uploads\/2025\/12\/Logo-Horizontal.png","contentUrl":"https:\/\/www.spd-hd.com\/wp-content\/uploads\/2025\/12\/Logo-Horizontal.png","width":500,"height":200,"caption":"One Stop Manufacturer &amp; Supplier of Household Plastic Products (charger plates, decorative trays)"},"image":{"@id":"https:\/\/www.spd-hd.com\/#\/schema\/logo\/image\/"}}]}},"_links":{"self":[{"href":"https:\/\/www.spd-hd.com\/pt\/wp-json\/wp\/v2\/product\/939","targetHints":{"allow":["GET"]}}],"collection":[{"href":"https:\/\/www.spd-hd.com\/pt\/wp-json\/wp\/v2\/product"}],"about":[{"href":"https:\/\/www.spd-hd.com\/pt\/wp-json\/wp\/v2\/types\/product"}],"replies":[{"embeddable":true,"href":"https:\/\/www.spd-hd.com\/pt\/wp-json\/wp\/v2\/comments?post=939"}],"wp:featuredmedia":[{"embeddable":true,"href":"https:\/\/www.spd-hd.com\/pt\/wp-json\/wp\/v2\/media\/922"}],"wp:attachment":[{"href":"https:\/\/www.spd-hd.com\/pt\/wp-json\/wp\/v2\/media?parent=939"}],"wp:term":[{"taxonomy":"product_brand","embeddable":true,"href":"https:\/\/www.spd-hd.com\/pt\/wp-json\/wp\/v2\/product_brand?post=939"},{"taxonomy":"product_cat","embeddable":true,"href":"https:\/\/www.spd-hd.com\/pt\/wp-json\/wp\/v2\/product_cat?post=939"},{"taxonomy":"product_tag","embeddable":true,"href":"https:\/\/www.spd-hd.com\/pt\/wp-json\/wp\/v2\/product_tag?post=939"}],"curies":[{"name":"wp","href":"https:\/\/api.w.org\/{rel}","templated":true}]}}